{"id":227,"date":"2019-09-16T18:57:20","date_gmt":"2019-09-16T18:57:20","guid":{"rendered":"https:\/\/die-alvos.de\/?page_id=227"},"modified":"2022-04-18T17:52:03","modified_gmt":"2022-04-18T17:52:03","slug":"alvos-red-die-zucht","status":"publish","type":"page","link":"https:\/\/die-alvos.de\/?page_id=227","title":{"rendered":"Alvo&#8217;s Red"},"content":{"rendered":"\n<p class=\"has-drop-cap\">Aller Anfang f\u00e4ngt mit A an. Zumindest scheint es bei uns so zu sein. Nachdem unser erster Irish Alto hei\u00dft und der Jungbrunnen unserer damals bereits dreizehn j\u00e4hrigen Golden Retriever Dame war, sollte dann nach einem Jahr nur mit einem Hund, doch wieder ein M\u00e4del unseren Alltag bereichern.<\/p>\n\n\n\n<p>Wir bekamen die freudige Nachricht, dass aus dem K-Wurf f\u00fcr uns eine H\u00fcndin dabei war. Aber, egal was wir auch \u00fcberlegten, auf einen Namen mit K konnten wir uns nicht einigen. Irgendwie las ich zuf\u00e4llig den Namen Alva und dieser gefiel einstimmig allen hier. Klein Alva zog hier ein und mit ihr zusammen wuchs der Wunsch nach einer eigenen kleinen Zucht. Was lag jetzt n\u00e4her, als daf\u00fcr den Namen &#8220; Alvo&#8217;s Red &#8220; zu w\u00e4hlen, sind sie doch beide zusammen gerufen die Alvo&#8217;s.<\/p>\n\n\n\n<figure class=\"wp-block-image\"><img loading=\"lazy\" decoding=\"async\" width=\"1024\" height=\"683\" src=\"https:\/\/die-alvos.de\/wp-content\/uploads\/2019\/04\/DSC02342-1024x683.jpg\" alt=\"\" class=\"wp-image-32\" srcset=\"https:\/\/die-alvos.de\/wp-content\/uploads\/2019\/04\/DSC02342-1024x683.jpg 1024w, https:\/\/die-alvos.de\/wp-content\/uploads\/2019\/04\/DSC02342-300x200.jpg 300w, https:\/\/die-alvos.de\/wp-content\/uploads\/2019\/04\/DSC02342-768x512.jpg 768w\" sizes=\"auto, (max-width: 767px) 89vw, (max-width: 1000px) 54vw, (max-width: 1071px) 543px, 580px\" \/><\/figure>\n\n\n\n<p>Nun sind alle Voraussetzungen erf\u00fcllt, alle H\u00fcrden genommen, unsere Alva hat sich zu einer sch\u00f6nen und typvollen Irish Terrier H\u00fcndin entwickelt, zw\u00f6lf Ausstellungen ist sie gelaufen, hat meistens ein Vorz\u00fcglich bekommen und einige sogar gewonnen. Im Alltag wickelt sie uns und Alto um den kleinen Finger und ist ganz typisch Irish, immer mit dabei. Gespannt warten wir schon darauf was in der Zukunft liegt und freuen uns darauf.<\/p>\n\n\n\n<p>Ich bin Mitglied des Klub f\u00fcr Terrier&#8217;s und z\u00fcchte unter den Richtlinien des KfT, VDH und FCI.<\/p>\n\n\n\n<p>Martina, Alto &amp; Alva<\/p>\n","protected":false},"excerpt":{"rendered":"<p>Aller Anfang f\u00e4ngt mit A an. Zumindest scheint es bei uns so zu sein. Nachdem unser erster Irish Alto hei\u00dft und der Jungbrunnen unserer damals bereits dreizehn j\u00e4hrigen Golden Retriever Dame war, sollte dann nach einem Jahr nur mit einem Hund, doch wieder ein M\u00e4del unseren Alltag bereichern. Wir bekamen die freudige Nachricht, dass aus &hellip; <\/p>\n<p class=\"link-more\"><a href=\"https:\/\/die-alvos.de\/?page_id=227\" class=\"more-link\"><span class=\"screen-reader-text\">\u201eAlvo&#8217;s Red\u201c <\/span>weiterlesen<\/a><\/p>\n","protected":false},"author":1,"featured_media":0,"parent":0,"menu_order":0,"comment_status":"closed","ping_status":"closed","template":"","meta":{"footnotes":""},"class_list":["post-227","page","type-page","status-publish","hentry"],"_links":{"self":[{"href":"https:\/\/die-alvos.de\/index.php?rest_route=\/wp\/v2\/pages\/227","targetHints":{"allow":["GET"]}}],"collection":[{"href":"https:\/\/die-alvos.de\/index.php?rest_route=\/wp\/v2\/pages"}],"about":[{"href":"https:\/\/die-alvos.de\/index.php?rest_route=\/wp\/v2\/types\/page"}],"author":[{"embeddable":true,"href":"https:\/\/die-alvos.de\/index.php?rest_route=\/wp\/v2\/users\/1"}],"replies":[{"embeddable":true,"href":"https:\/\/die-alvos.de\/index.php?rest_route=%2Fwp%2Fv2%2Fcomments&post=227"}],"version-history":[{"count":35,"href":"https:\/\/die-alvos.de\/index.php?rest_route=\/wp\/v2\/pages\/227\/revisions"}],"predecessor-version":[{"id":618,"href":"https:\/\/die-alvos.de\/index.php?rest_route=\/wp\/v2\/pages\/227\/revisions\/618"}],"wp:attachment":[{"href":"https:\/\/die-alvos.de\/index.php?rest_route=%2Fwp%2Fv2%2Fmedia&parent=227"}],"curies":[{"name":"wp","href":"https:\/\/api.w.org\/{rel}","templated":true}]}}